{"id":92,"date":"2014-06-21T13:26:03","date_gmt":"2014-06-21T11:26:03","guid":{"rendered":"http:\/\/konstruktivist.evaprinzip.de\/?page_id=92"},"modified":"2014-07-05T12:13:27","modified_gmt":"2014-07-05T10:13:27","slug":"fazit-achtsamkeit-und-externe-beratung","status":"publish","type":"page","link":"https:\/\/konstruktivist.evaprinzip.de\/?page_id=92","title":{"rendered":"Fazit: Achtsamkeit und externe Beratung"},"content":{"rendered":"<p>Was kann man tun um in dieser Welt erfolgreich zu sein?<\/p>\n<p>Der erste&nbsp; Schritt ist bereits schon gemacht. Zu erkennen, dass man aufgrund der Voraussetzung ein paar Limitationen hat ist ein guter Anfang.<\/p>\n<h3>Ein bekannter Fehler ist ein guter Fehler<\/h3>\n<p>Fehler, deren Struktur und Wesen wir noch nicht kennen sind gef\u00e4hrlich. Wenn wir aber bereits wissen, dass jeder von uns mit \u00e4hnlichen Voraussetzungen antritt, dann kann man schon sehr viel bewu\u00dfter agieren.<\/p>\n<p>Dazu geh\u00f6rt vor allem ein achtsamer Umgang mit dem Umfeld und vor allem mit sich selbst. Wie oft diagnostizieren meine Klienten nach kurzer Zeit die Unf\u00e4higkeit &#8222;Nein&#8220; zu sagen bei sich. Wer das fr\u00fchzeitig erkennt und gegensteuert, der spart sich sp\u00e4ter die Psychotherapie.<\/p>\n<h3>Und wenn es nicht mehr weiter geht?<\/h3>\n<p><a href=\"http:\/\/www.evaprinzip.de\/uber-mich\/kontakt\/\" target=\"_blank\"> Dann kann man im Coaching diese Themen erarbeiten. Ein Coach hilft die eigenen Webfehler im Gehirn schneller zu finden und dann Ma\u00dfnahmen zu ergreifen, die einem helfen wieder auf die Spur zu kommen. Dabei helfe ich gerne.<\/a><\/p>\n","protected":false},"excerpt":{"rendered":"<p>Was kann man tun um in dieser Welt erfolgreich zu sein? Der erste&nbsp; Schritt ist bereits schon gemacht. Zu erkennen, dass man aufgrund der Voraussetzung ein paar Limitationen hat ist ein guter Anfang. Ein bekannter Fehler ist ein guter Fehler Fehler, deren Struktur und Wesen wir noch nicht kennen sind gef\u00e4hrlich. Wenn wir aber bereits &hellip; <a href=\"https:\/\/konstruktivist.evaprinzip.de\/?page_id=92\" class=\"more-link\"><span class=\"screen-reader-text\">Fazit: Achtsamkeit und externe Beratung<\/span> weiterlesen <span class=\"meta-nav\">&rarr;<\/span><\/a><\/p>\n","protected":false},"author":1,"featured_media":0,"parent":24,"menu_order":6,"comment_status":"open","ping_status":"open","template":"","meta":{"footnotes":""},"class_list":["post-92","page","type-page","status-publish","hentry"],"_links":{"self":[{"href":"https:\/\/konstruktivist.evaprinzip.de\/index.php?rest_route=\/wp\/v2\/pages\/92","targetHints":{"allow":["GET"]}}],"collection":[{"href":"https:\/\/konstruktivist.evaprinzip.de\/index.php?rest_route=\/wp\/v2\/pages"}],"about":[{"href":"https:\/\/konstruktivist.evaprinzip.de\/index.php?rest_route=\/wp\/v2\/types\/page"}],"author":[{"embeddable":true,"href":"https:\/\/konstruktivist.evaprinzip.de\/index.php?rest_route=\/wp\/v2\/users\/1"}],"replies":[{"embeddable":true,"href":"https:\/\/konstruktivist.evaprinzip.de\/index.php?rest_route=%2Fwp%2Fv2%2Fcomments&post=92"}],"version-history":[{"count":6,"href":"https:\/\/konstruktivist.evaprinzip.de\/index.php?rest_route=\/wp\/v2\/pages\/92\/revisions"}],"predecessor-version":[{"id":109,"href":"https:\/\/konstruktivist.evaprinzip.de\/index.php?rest_route=\/wp\/v2\/pages\/92\/revisions\/109"}],"up":[{"embeddable":true,"href":"https:\/\/konstruktivist.evaprinzip.de\/index.php?rest_route=\/wp\/v2\/pages\/24"}],"wp:attachment":[{"href":"https:\/\/konstruktivist.evaprinzip.de\/index.php?rest_route=%2Fwp%2Fv2%2Fmedia&parent=92"}],"curies":[{"name":"wp","href":"https:\/\/api.w.org\/{rel}","templated":true}]}}