{"id":88,"date":"2014-06-21T13:23:43","date_gmt":"2014-06-21T11:23:43","guid":{"rendered":"http:\/\/konstruktivist.evaprinzip.de\/?page_id=88"},"modified":"2014-07-30T15:06:33","modified_gmt":"2014-07-30T13:06:33","slug":"ich-du-und-die-anderen","status":"publish","type":"page","link":"https:\/\/konstruktivist.evaprinzip.de\/?page_id=88","title":{"rendered":"Ich, Du und die Anderen"},"content":{"rendered":"<p>In diesem Kapitel werden Konsequenzen aus bisherigen Kapiteln in das Thema Konstruktivismus \u00fcberf\u00fchrt.<\/p>\n<p>Wenn unser Gehirn so in sich selbst funktioniert (mit etwas Sinneseindr\u00fccke von aussen) &#8211; was bedeutet das f\u00fcr das ICH.<\/p>\n<p>Lesen Sie als n\u00e4chstes: <a href=\"https:\/\/konstruktivist.evaprinzip.de\/?page_id=92\" title=\"Fazit: Achtsamkeit und externe Beratung\">Fazit: Achtsamkeit und externe Beratung<\/a><\/p>\n","protected":false},"excerpt":{"rendered":"<p>In diesem Kapitel werden Konsequenzen aus bisherigen Kapiteln in das Thema Konstruktivismus \u00fcberf\u00fchrt. Wenn unser Gehirn so in sich selbst funktioniert (mit etwas Sinneseindr\u00fccke von aussen) &#8211; was bedeutet das f\u00fcr das ICH. Lesen Sie als n\u00e4chstes:<\/p>\n","protected":false},"author":1,"featured_media":0,"parent":24,"menu_order":4,"comment_status":"open","ping_status":"closed","template":"","meta":{"footnotes":""},"class_list":["post-88","page","type-page","status-publish","hentry"],"_links":{"self":[{"href":"https:\/\/konstruktivist.evaprinzip.de\/index.php?rest_route=\/wp\/v2\/pages\/88","targetHints":{"allow":["GET"]}}],"collection":[{"href":"https:\/\/konstruktivist.evaprinzip.de\/index.php?rest_route=\/wp\/v2\/pages"}],"about":[{"href":"https:\/\/konstruktivist.evaprinzip.de\/index.php?rest_route=\/wp\/v2\/types\/page"}],"author":[{"embeddable":true,"href":"https:\/\/konstruktivist.evaprinzip.de\/index.php?rest_route=\/wp\/v2\/users\/1"}],"replies":[{"embeddable":true,"href":"https:\/\/konstruktivist.evaprinzip.de\/index.php?rest_route=%2Fwp%2Fv2%2Fcomments&post=88"}],"version-history":[{"count":4,"href":"https:\/\/konstruktivist.evaprinzip.de\/index.php?rest_route=\/wp\/v2\/pages\/88\/revisions"}],"predecessor-version":[{"id":142,"href":"https:\/\/konstruktivist.evaprinzip.de\/index.php?rest_route=\/wp\/v2\/pages\/88\/revisions\/142"}],"up":[{"embeddable":true,"href":"https:\/\/konstruktivist.evaprinzip.de\/index.php?rest_route=\/wp\/v2\/pages\/24"}],"wp:attachment":[{"href":"https:\/\/konstruktivist.evaprinzip.de\/index.php?rest_route=%2Fwp%2Fv2%2Fmedia&parent=88"}],"curies":[{"name":"wp","href":"https:\/\/api.w.org\/{rel}","templated":true}]}}