{"id":80,"date":"2014-06-21T12:53:59","date_gmt":"2014-06-21T10:53:59","guid":{"rendered":"http:\/\/konstruktivist.evaprinzip.de\/?page_id=80"},"modified":"2014-06-21T13:13:11","modified_gmt":"2014-06-21T11:13:11","slug":"pfc-der-pressesprecher-fuer-das-chaos","status":"publish","type":"page","link":"https:\/\/konstruktivist.evaprinzip.de\/?page_id=80","title":{"rendered":"PFC &#8211; der Pressesprecher f\u00fcr das Chaos"},"content":{"rendered":"<p>Bilder vom Gehirn beeindrucken vor allem durch diese Badekappe, die sich wellenartig vorne im Stirnbereich zeigt.<\/p>\n<h3>Der PFC &#8211; der pr\u00e4-frontale Cortex<\/h3>\n<p>Fragt man nach den Unterschieden zwischen dem Gehirn des Menschen und dem anderer Lebewesen, dann ist es keinesfalls die Gr\u00f6\u00dfe (einige Elefanten und einige Walarten haben ein gr\u00f6\u00dferes Gehirn). Es ist auch nicht das Verh\u00e4ltnis Gehirn\/K\u00f6rper (beim Menschen ca. 2% &#8211; einige Singv\u00f6gel schaffen da ein deutlich besseres Verh\u00e4ltnis von Gehirn zum Gesamtgewicht).<\/p>\n<p>Der gr\u00f6\u00dfte Unterschied zu den anderen Lebewesen ist diese Badekappe (genaugenommen ihre Gr\u00f6\u00dfe &#8211; beim Menschen macht der PFC ca. 30% des gesamten Gehirns aus &#8211; bei unseren n\u00e4chsten Verwandten &#8211; den Affen &#8211; liegt der Anteil bei nur 15%). Diese Kappe sieht aus wie eine Rinde (Cortex) und liegt im vorderen Bereich (pr\u00e4-frontal).<\/p>\n<p>In diesem PFC liegt die F\u00e4higkeit \u00fcber uns selbst nachzudenken und \u00dcberlegungen zur weiteren Entwicklung anzustellen und das in Beziehung zu setzten mit den Erfahrungen der Vergangenheit. Im PFC wird deshalb auch das Bewu\u00dftsein verortet.<\/p>\n<p>Das Bewu\u00dftsein ist ein Teil des PFCs und der macht nur ca 30% des Gehirns aus. Die Entscheidungen des Bewu\u00dftseins beruhen auf den eigenen Erfahrungen. Diese sind wiederum emotional eingef\u00e4rbt bevor wir uns damit besch\u00e4ftigen. Betrachtet man diese komplexe Situation wird es klar, warum wir bei Themen wie &#8222;Homosexualit\u00e4t&#8220; auf alte Muster zur\u00fcckgreifen und so etwas wom\u00f6glich ablehnen (&#8222;Widernat\u00fcrlich&#8220;) oder akzeptieren (&#8222;Warum nicht? Ist doch sch\u00f6n, wenn sich zwei Menschen lieben.&#8220;)<\/p>\n<p>Unser Pressesprecher wird die eine oder andere Richtung perfekt argumentieren. Dazu haben wir das n\u00f6tige R\u00fcstzeug \u00fcber die Jahre gelernt und so verinnerlicht, dass ein anderes Denken uns als &#8222;sachlich falsch&#8220; vorkommt.<\/p>\n<p>Lesen Sie als n\u00e4chstes: <a href=\"https:\/\/konstruktivist.evaprinzip.de\/?page_id=82\" title=\"Fazit - nix is fix\">Fazit - nix is fix<\/a><\/p>\n","protected":false},"excerpt":{"rendered":"<p>Bilder vom Gehirn beeindrucken vor allem durch diese Badekappe, die sich wellenartig vorne im Stirnbereich zeigt. Der PFC &#8211; der pr\u00e4-frontale Cortex Fragt man nach den Unterschieden zwischen dem Gehirn des Menschen und dem anderer Lebewesen, dann ist es keinesfalls die Gr\u00f6\u00dfe (einige Elefanten und einige Walarten haben ein gr\u00f6\u00dferes Gehirn). Es ist auch nicht &hellip; <a href=\"https:\/\/konstruktivist.evaprinzip.de\/?page_id=80\" class=\"more-link\"><span class=\"screen-reader-text\">PFC &#8211; der Pressesprecher f\u00fcr das Chaos<\/span> weiterlesen <span class=\"meta-nav\">&rarr;<\/span><\/a><\/p>\n","protected":false},"author":1,"featured_media":0,"parent":66,"menu_order":3,"comment_status":"open","ping_status":"open","template":"","meta":{"footnotes":""},"class_list":["post-80","page","type-page","status-publish","hentry"],"_links":{"self":[{"href":"https:\/\/konstruktivist.evaprinzip.de\/index.php?rest_route=\/wp\/v2\/pages\/80","targetHints":{"allow":["GET"]}}],"collection":[{"href":"https:\/\/konstruktivist.evaprinzip.de\/index.php?rest_route=\/wp\/v2\/pages"}],"about":[{"href":"https:\/\/konstruktivist.evaprinzip.de\/index.php?rest_route=\/wp\/v2\/types\/page"}],"author":[{"embeddable":true,"href":"https:\/\/konstruktivist.evaprinzip.de\/index.php?rest_route=\/wp\/v2\/users\/1"}],"replies":[{"embeddable":true,"href":"https:\/\/konstruktivist.evaprinzip.de\/index.php?rest_route=%2Fwp%2Fv2%2Fcomments&post=80"}],"version-history":[{"count":3,"href":"https:\/\/konstruktivist.evaprinzip.de\/index.php?rest_route=\/wp\/v2\/pages\/80\/revisions"}],"predecessor-version":[{"id":85,"href":"https:\/\/konstruktivist.evaprinzip.de\/index.php?rest_route=\/wp\/v2\/pages\/80\/revisions\/85"}],"up":[{"embeddable":true,"href":"https:\/\/konstruktivist.evaprinzip.de\/index.php?rest_route=\/wp\/v2\/pages\/66"}],"wp:attachment":[{"href":"https:\/\/konstruktivist.evaprinzip.de\/index.php?rest_route=%2Fwp%2Fv2%2Fmedia&parent=80"}],"curies":[{"name":"wp","href":"https:\/\/api.w.org\/{rel}","templated":true}]}}