{"id":78,"date":"2014-06-21T12:38:46","date_gmt":"2014-06-21T10:38:46","guid":{"rendered":"http:\/\/konstruktivist.evaprinzip.de\/?page_id=78"},"modified":"2014-06-21T12:39:08","modified_gmt":"2014-06-21T10:39:08","slug":"die-stimmung-ist-mal-wieder-limbisch","status":"publish","type":"page","link":"https:\/\/konstruktivist.evaprinzip.de\/?page_id=78","title":{"rendered":"Die Stimmung ist mal wieder limbisch"},"content":{"rendered":"<p>Neben der Angst braucht es noch andere Gef\u00fchle um ein gutes S\u00e4ugetier zu sein. Denn die Evolution hatte noch einen Plan. Einige Lebewesen sollten ihren Nachwuchs nicht einfach in den hei\u00dfen Sand vergraben, wie es die Schildkr\u00f6te macht. Vielmehr sollten sie eine zeitlang den Nachwuchs hegen und pflegen.<\/p>\n<p>Dazu braucht es ein Haufen mehr an Gef\u00fchlen &#8211; insbesondere dem Nachwuchs gegen\u00fcber. Neben der Amygdala gibt es deshlab ein System von weiteren Bereichen, die unsere Emotionalit\u00e4t steuern.<\/p>\n<h3>Der Hyppocampus<\/h3>\n<p>(Diesen Namen mu\u00df\u00a0 ich bringen, weil ich ja schlie\u00dflich viele lustige Namen der Hirnforscher versprochen habe.) Ein Bereich sieht mit viel Phantasie aus wie ein Seepferdchen und Hirnforscher haben viel Phantasie (und k\u00f6nnen Latein).<\/p>\n<p>Der Hyppocampus leistet viel Integrationsarbeit. Hier werden Emotion und Ereignisse verkn\u00fcpft. Wom\u00f6glich liegt hier ein Teil der Ursache, dass Sie die Liebe ihres Lebens \u00fcbersehen haben weil es unangenehm gerochen hat.<\/p>\n<p>Es gibt noch weitere Bereiche die man unter dem Begriff &#8222;limbisches System&#8220; (limbus = &#8222;Saum&#8220;) zusammenfa\u00dft. Fr\u00fcher hat man hier rein instinkthaftes Verhalten gesehen. Moderne Erkenntnisse sehen ein komplexeres Zusammenspiel im Gehirn bei Entscheidungen.<\/p>\n<p>Das limbische System mischt allerdings unsere Emotionen und die Erinnerungen hier kr\u00e4ftig mit den aktuellen Eindr\u00fccken. Es ist fair zu sagen, dass ein gro\u00dfer Teil des Filterns dieser Daten hier passiert und damit in einem Bereich, den wir nicht dem bewu\u00dften Handeln zuordnen.<\/p>\n<p>Und \u00fcberhaupt: nachgedacht haben wir noch gar nicht!<\/p>\n<p>Lesen Sie als n\u00e4chgstes: <a href=\"https:\/\/konstruktivist.evaprinzip.de\/?page_id=80\" title=\"PFC - der Pressesprecher f\u00fcr das Chaos\">PFC - der Pressesprecher f\u00fcr das Chaos<\/a><\/p>\n","protected":false},"excerpt":{"rendered":"<p>Neben der Angst braucht es noch andere Gef\u00fchle um ein gutes S\u00e4ugetier zu sein. Denn die Evolution hatte noch einen Plan. Einige Lebewesen sollten ihren Nachwuchs nicht einfach in den hei\u00dfen Sand vergraben, wie es die Schildkr\u00f6te macht. Vielmehr sollten sie eine zeitlang den Nachwuchs hegen und pflegen. Dazu braucht es ein Haufen mehr an &hellip; <a href=\"https:\/\/konstruktivist.evaprinzip.de\/?page_id=78\" class=\"more-link\"><span class=\"screen-reader-text\">Die Stimmung ist mal wieder limbisch<\/span> weiterlesen <span class=\"meta-nav\">&rarr;<\/span><\/a><\/p>\n","protected":false},"author":1,"featured_media":0,"parent":66,"menu_order":2,"comment_status":"open","ping_status":"closed","template":"","meta":{"footnotes":""},"class_list":["post-78","page","type-page","status-publish","hentry"],"_links":{"self":[{"href":"https:\/\/konstruktivist.evaprinzip.de\/index.php?rest_route=\/wp\/v2\/pages\/78","targetHints":{"allow":["GET"]}}],"collection":[{"href":"https:\/\/konstruktivist.evaprinzip.de\/index.php?rest_route=\/wp\/v2\/pages"}],"about":[{"href":"https:\/\/konstruktivist.evaprinzip.de\/index.php?rest_route=\/wp\/v2\/types\/page"}],"author":[{"embeddable":true,"href":"https:\/\/konstruktivist.evaprinzip.de\/index.php?rest_route=\/wp\/v2\/users\/1"}],"replies":[{"embeddable":true,"href":"https:\/\/konstruktivist.evaprinzip.de\/index.php?rest_route=%2Fwp%2Fv2%2Fcomments&post=78"}],"version-history":[{"count":1,"href":"https:\/\/konstruktivist.evaprinzip.de\/index.php?rest_route=\/wp\/v2\/pages\/78\/revisions"}],"predecessor-version":[{"id":79,"href":"https:\/\/konstruktivist.evaprinzip.de\/index.php?rest_route=\/wp\/v2\/pages\/78\/revisions\/79"}],"up":[{"embeddable":true,"href":"https:\/\/konstruktivist.evaprinzip.de\/index.php?rest_route=\/wp\/v2\/pages\/66"}],"wp:attachment":[{"href":"https:\/\/konstruktivist.evaprinzip.de\/index.php?rest_route=%2Fwp%2Fv2%2Fmedia&parent=78"}],"curies":[{"name":"wp","href":"https:\/\/api.w.org\/{rel}","templated":true}]}}