{"id":69,"date":"2014-06-21T08:51:02","date_gmt":"2014-06-21T06:51:02","guid":{"rendered":"http:\/\/konstruktivist.evaprinzip.de\/?page_id=69"},"modified":"2014-06-21T11:37:17","modified_gmt":"2014-06-21T09:37:17","slug":"ich-atme-ein-ich-atme-aus","status":"publish","type":"page","link":"https:\/\/konstruktivist.evaprinzip.de\/?page_id=69","title":{"rendered":"Ich atme ein &#8211; ich atme aus"},"content":{"rendered":"<p>Viele Lebewesen haben ein Gehirn. \u00dcber die Jahrtausende sind immer mehr an Funktionalit\u00e4t hinzugekommen. Eine Grundkomponente haben alle Gehirne gemeinsam:<\/p>\n<h3>Das Stammhirn oder der Hirnstamm<\/h3>\n<p>Unser Gehirn beginnt an den oberen Wirbelende und mit viel Phantasie sieht es ein wenig wir ein Baum aus. Und direkt dort wo der beginnt, liegt das Stammhirn oder eben auch Hirnstamm genannt.<\/p>\n<p>Hier werden die Grundfunktionen des K\u00f6rpers verarbeitet: Kreislauf, Puls, Atmung, Verdauung und was wir sonst noch so alles ben\u00f6tigen um am Leben zu bleiben. Dieser Bereich l\u00e4\u00dft sich mit dem Bewu\u00dftsein nur schwer beeinflussen.<\/p>\n<p>Wenn wir uns erschrecken, dann wird hier die entsprechende Reaktion angepa\u00dft. Puls erh\u00f6hen, Verdauung drosseln und Faust ausfahren. Aber nat\u00fcrlich macht das Stammhirn das nicht alleine.<\/p>\n<p>Es ben\u00f6tigt daf\u00fcr die Unterst\u00fctzung von weiteren Teilen des Gehirns.<\/p>\n<p>Lesen Sie als n\u00e4chstes: <a href=\"https:\/\/konstruktivist.evaprinzip.de\/?page_id=74\" title=\"Alarm f\u00fcr Amygdala\">Alarm f\u00fcr Amygdala<\/a><\/p>\n<p>&nbsp;<\/p>\n","protected":false},"excerpt":{"rendered":"<p>Viele Lebewesen haben ein Gehirn. \u00dcber die Jahrtausende sind immer mehr an Funktionalit\u00e4t hinzugekommen. Eine Grundkomponente haben alle Gehirne gemeinsam: Das Stammhirn oder der Hirnstamm Unser Gehirn beginnt an den oberen Wirbelende und mit viel Phantasie sieht es ein wenig wir ein Baum aus. Und direkt dort wo der beginnt, liegt das Stammhirn oder eben &hellip; <a href=\"https:\/\/konstruktivist.evaprinzip.de\/?page_id=69\" class=\"more-link\"><span class=\"screen-reader-text\">Ich atme ein &#8211; ich atme aus<\/span> weiterlesen <span class=\"meta-nav\">&rarr;<\/span><\/a><\/p>\n","protected":false},"author":1,"featured_media":0,"parent":66,"menu_order":0,"comment_status":"open","ping_status":"closed","template":"","meta":{"footnotes":""},"class_list":["post-69","page","type-page","status-publish","hentry"],"_links":{"self":[{"href":"https:\/\/konstruktivist.evaprinzip.de\/index.php?rest_route=\/wp\/v2\/pages\/69","targetHints":{"allow":["GET"]}}],"collection":[{"href":"https:\/\/konstruktivist.evaprinzip.de\/index.php?rest_route=\/wp\/v2\/pages"}],"about":[{"href":"https:\/\/konstruktivist.evaprinzip.de\/index.php?rest_route=\/wp\/v2\/types\/page"}],"author":[{"embeddable":true,"href":"https:\/\/konstruktivist.evaprinzip.de\/index.php?rest_route=\/wp\/v2\/users\/1"}],"replies":[{"embeddable":true,"href":"https:\/\/konstruktivist.evaprinzip.de\/index.php?rest_route=%2Fwp%2Fv2%2Fcomments&post=69"}],"version-history":[{"count":4,"href":"https:\/\/konstruktivist.evaprinzip.de\/index.php?rest_route=\/wp\/v2\/pages\/69\/revisions"}],"predecessor-version":[{"id":73,"href":"https:\/\/konstruktivist.evaprinzip.de\/index.php?rest_route=\/wp\/v2\/pages\/69\/revisions\/73"}],"up":[{"embeddable":true,"href":"https:\/\/konstruktivist.evaprinzip.de\/index.php?rest_route=\/wp\/v2\/pages\/66"}],"wp:attachment":[{"href":"https:\/\/konstruktivist.evaprinzip.de\/index.php?rest_route=%2Fwp%2Fv2%2Fmedia&parent=69"}],"curies":[{"name":"wp","href":"https:\/\/api.w.org\/{rel}","templated":true}]}}