{"id":55,"date":"2014-06-18T14:37:18","date_gmt":"2014-06-18T12:37:18","guid":{"rendered":"http:\/\/konstruktivist.evaprinzip.de\/?page_id=55"},"modified":"2014-06-21T08:30:11","modified_gmt":"2014-06-21T06:30:11","slug":"ich-rieche-dass-mir-das-nicht-schmeckt","status":"publish","type":"page","link":"https:\/\/konstruktivist.evaprinzip.de\/?page_id=55","title":{"rendered":"Ich rieche, dass mir das nicht schmeckt"},"content":{"rendered":"<p>Riechen und Schmecken sind Sinneseindr\u00fccke, die wir selten beachten. Es mu\u00df schon sehr \u00fcbel riechen oder schmecken bevor wir das entsprechend quittieren. Auch ein besonderer Duft oder Geschmack kann uns manchmal zu einer Reaktion verf\u00fchren. Aber gelobt wird nun mal selten &#8211; Kritik ist da schon h\u00e4ufiger. Man sollte also meinen, dass der Geschmack oder der Geruch bei unseren Sinneseindr\u00fccken eine weniger entscheidende Rolle spielt als sehen, h\u00f6ren und F\u00fchlen, oder?<\/p>\n<h3>Hier stinkts<\/h3>\n<p>M\u00e4nnliche Probanden wurden durch einen Gang geschickt, um etwas zu holen. Im Gang stand eine Frau. Es wurden unterschiedliche D\u00fcfte und Ger\u00fcche getestet. Roch es gut, dann konnten die Probanden die Frau in ihrem Aussehen besser beschreiben als wenn schlechter Geruch im Gang war.<\/p>\n<p>Auf den ersten Blick nicht verwunderlich. Aber wir k\u00f6nnen uns die Situation in der wir neue Personen treffen nicht immer aussuchen. Und wir sind uns selten des Geruchs bewu\u00dft, der vorherrscht wenn wir einen neuen Menschen treffen. Es macht aber einen Unterschied, wie wir diese Person wahrnehmen. Wom\u00f6glich haben Sie den Mann\/die Frau ihres Lebens \u00fcbersehen, nur weil es in dem Augenblick unangenehm gerochen hat und sie deshalb eher achtlos vor\u00fcber gerannt waren.<\/p>\n<h3>Nicht mein Geschmack<\/h3>\n<p>Wollen Sie Ihren Chef gut stimmen? Dann bringen Sie ihm eine Cola mit. Am besten schon eingeschenkt im Glas. Wiederum hat man Probanden moralische Frageb\u00f6gen gegeben. Die einen bekamen ein s\u00fc\u00dfes Getr\u00e4nk, die anderen nur bitteren Kaffee. Am Ende urteilte die Gruppe mit dem s\u00fc\u00dfen Getr\u00e4nk moralisch nachsichtiger als die Gruppe mit dem bitteren Getr\u00e4nk.<\/p>\n<p>Auch hier die Frage: Sind wir uns bewu\u00dft, was wir trinken oder essen, wenn wir einen neuen Menschen sehen? Oder ist die eine oder andere Person schon durch, weil uns etwas in dem Moment nicht schmeckt?<\/p>\n<p>Lesen Sie als n\u00e4chstes: <a title=\"Unser Gehirn als Schaltzentrale\" href=\"http:\/\/konstruktivist.evaprinzip.de\/?page_id=66\">Unser Gehirn als Schaltzentrale<\/a><\/p>\n","protected":false},"excerpt":{"rendered":"<p>Riechen und Schmecken sind Sinneseindr\u00fccke, die wir selten beachten. Es mu\u00df schon sehr \u00fcbel riechen oder schmecken bevor wir das entsprechend quittieren. Auch ein besonderer Duft oder Geschmack kann uns manchmal zu einer Reaktion verf\u00fchren. Aber gelobt wird nun mal selten &#8211; Kritik ist da schon h\u00e4ufiger. Man sollte also meinen, dass der Geschmack oder &hellip; <a href=\"https:\/\/konstruktivist.evaprinzip.de\/?page_id=55\" class=\"more-link\"><span class=\"screen-reader-text\">Ich rieche, dass mir das nicht schmeckt<\/span> weiterlesen <span class=\"meta-nav\">&rarr;<\/span><\/a><\/p>\n","protected":false},"author":1,"featured_media":0,"parent":33,"menu_order":3,"comment_status":"open","ping_status":"closed","template":"","meta":{"footnotes":""},"class_list":["post-55","page","type-page","status-publish","hentry"],"_links":{"self":[{"href":"https:\/\/konstruktivist.evaprinzip.de\/index.php?rest_route=\/wp\/v2\/pages\/55","targetHints":{"allow":["GET"]}}],"collection":[{"href":"https:\/\/konstruktivist.evaprinzip.de\/index.php?rest_route=\/wp\/v2\/pages"}],"about":[{"href":"https:\/\/konstruktivist.evaprinzip.de\/index.php?rest_route=\/wp\/v2\/types\/page"}],"author":[{"embeddable":true,"href":"https:\/\/konstruktivist.evaprinzip.de\/index.php?rest_route=\/wp\/v2\/users\/1"}],"replies":[{"embeddable":true,"href":"https:\/\/konstruktivist.evaprinzip.de\/index.php?rest_route=%2Fwp%2Fv2%2Fcomments&post=55"}],"version-history":[{"count":4,"href":"https:\/\/konstruktivist.evaprinzip.de\/index.php?rest_route=\/wp\/v2\/pages\/55\/revisions"}],"predecessor-version":[{"id":68,"href":"https:\/\/konstruktivist.evaprinzip.de\/index.php?rest_route=\/wp\/v2\/pages\/55\/revisions\/68"}],"up":[{"embeddable":true,"href":"https:\/\/konstruktivist.evaprinzip.de\/index.php?rest_route=\/wp\/v2\/pages\/33"}],"wp:attachment":[{"href":"https:\/\/konstruktivist.evaprinzip.de\/index.php?rest_route=%2Fwp%2Fv2%2Fmedia&parent=55"}],"curies":[{"name":"wp","href":"https:\/\/api.w.org\/{rel}","templated":true}]}}