{"id":50,"date":"2014-06-18T13:53:53","date_gmt":"2014-06-18T11:53:53","guid":{"rendered":"http:\/\/konstruktivist.evaprinzip.de\/?page_id=50"},"modified":"2014-06-21T07:58:22","modified_gmt":"2014-06-21T05:58:22","slug":"ich-hoere-nur-was-ich-auch-verstehe","status":"publish","type":"page","link":"https:\/\/konstruktivist.evaprinzip.de\/?page_id=50","title":{"rendered":"Ich h\u00f6re nur was ich auch verstehe"},"content":{"rendered":"<p>Wir sind gegen Fehler im Gehirn gefeit. Oder doch nicht? Kennen Sie Verh\u00f6rh\u00e4mmer? Das war 2013 bei den Radiosendern sehr beliebt. Gespielt wurden bekannte Songs in ausl\u00e4ndischer Sprache und dort konnte man deutsche Ankl\u00e4nge h\u00f6ren.&nbsp; <a href=\"https:\/\/www.youtube.com\/watch?v=TV8wevv1PqM\" target=\"_blank\">Ein paar Beispiele zur Erinnerung findet man hier.<\/a><\/p>\n<p>Auch hier spielt uns unser Gehirn einen Streich: auf der Suche nach bekannten Mustern findet es \u201cAgathe Bauer\u201d und \u201cAnneliese Braun\u201d wo in Wirklichkeit \u201cI got the power \u201d und \u201cAll the leaves are brown\u201d gesungen wurde. Auch hier wissen wir es besser. Aber es nutzt und nichts. Wir h\u00f6ren diesen deutschen Text!<\/p>\n<p>Und wie sehr das H\u00f6ren mit dem Sehen zu tun hat zeigt sich in einen Experiment. Dort hat man Personen gefilmt die eine Mitlaut (sagen wir mal &#8222;b&#8220;) aussprechen. Dann wurde die Audiospur durch eine ersetzt, auf der die Person einen anderen Mitlaut spricht (sagen wir mal &#8222;p&#8220;). Probanden, denen dieser Widerspruch vorgespielt wurde, h\u00f6rten am Ende einen ganz anderen Mitlaut (sagen wir mal &#8222;d&#8220;).<\/p>\n<p>Deshalb m\u00fcssen wir wenn es laut ist (in einem Konzert, etc.) besser dem anderen auf den Mund schauen um ihn zu verstehen.<\/p>\n<p>Ebenso verbreitet ist das Verstandene als das Geh\u00f6rte und somit als das Gesprochene anzusehen. An einer Tankstelle blockierte ein Auto die Zufahrt. Nach einer Minute kam der Fahrer mit einem Kaffee und ich winkte ihm zu er solle sich doch beeilen. Da kam er auf mich zu und br\u00fcllte, dass die Einfahrt blockiert war als er seinen Kaffee kaufen wollte. Ich antwortete: &#8222;Ist schon okay.&#8220; Setzte mich in mein Auto und sprach leise f\u00fcr mich: &#8222;Fahr endlich zu!&#8220; Der Mann kam dann wieder auf mich zu und unterstellte mir, ich habe ihn ein &#8222;A&#8230;&#8220; genannt und solle das zur\u00fccknehmen. Ich weigerte mich das zu best\u00e4tigen. Er gab keine Ruhe. Am Ende habe ich mich f\u00fcr ein Schimpfwort entschuldigt, dass ich nicht gesagt habe.<\/p>\n<p>Des Geh\u00f6rte wird also interpretiert und kann dadurch schnell zu Missverst\u00e4ndnissen f\u00fchren. Aber das war uns ja allen schon bekannt.<\/p>\n<p>Lesen Sie als n\u00e4chstes: <a href=\"https:\/\/konstruktivist.evaprinzip.de\/?page_id=53\" title=\"Ich sp\u00fcre die Faust im Nacken\">Ich sp\u00fcre die Faust im Nacken<\/a><\/p>\n","protected":false},"excerpt":{"rendered":"<p>Wir sind gegen Fehler im Gehirn gefeit. Oder doch nicht? Kennen Sie Verh\u00f6rh\u00e4mmer? Das war 2013 bei den Radiosendern sehr beliebt. Gespielt wurden bekannte Songs in ausl\u00e4ndischer Sprache und dort konnte man deutsche Ankl\u00e4nge h\u00f6ren.&nbsp; Ein paar Beispiele zur Erinnerung findet man hier. Auch hier spielt uns unser Gehirn einen Streich: auf der Suche nach &hellip; <a href=\"https:\/\/konstruktivist.evaprinzip.de\/?page_id=50\" class=\"more-link\"><span class=\"screen-reader-text\">Ich h\u00f6re nur was ich auch verstehe<\/span> weiterlesen <span class=\"meta-nav\">&rarr;<\/span><\/a><\/p>\n","protected":false},"author":1,"featured_media":0,"parent":33,"menu_order":1,"comment_status":"open","ping_status":"closed","template":"","meta":{"footnotes":""},"class_list":["post-50","page","type-page","status-publish","hentry"],"_links":{"self":[{"href":"https:\/\/konstruktivist.evaprinzip.de\/index.php?rest_route=\/wp\/v2\/pages\/50","targetHints":{"allow":["GET"]}}],"collection":[{"href":"https:\/\/konstruktivist.evaprinzip.de\/index.php?rest_route=\/wp\/v2\/pages"}],"about":[{"href":"https:\/\/konstruktivist.evaprinzip.de\/index.php?rest_route=\/wp\/v2\/types\/page"}],"author":[{"embeddable":true,"href":"https:\/\/konstruktivist.evaprinzip.de\/index.php?rest_route=\/wp\/v2\/users\/1"}],"replies":[{"embeddable":true,"href":"https:\/\/konstruktivist.evaprinzip.de\/index.php?rest_route=%2Fwp%2Fv2%2Fcomments&post=50"}],"version-history":[{"count":4,"href":"https:\/\/konstruktivist.evaprinzip.de\/index.php?rest_route=\/wp\/v2\/pages\/50\/revisions"}],"predecessor-version":[{"id":62,"href":"https:\/\/konstruktivist.evaprinzip.de\/index.php?rest_route=\/wp\/v2\/pages\/50\/revisions\/62"}],"up":[{"embeddable":true,"href":"https:\/\/konstruktivist.evaprinzip.de\/index.php?rest_route=\/wp\/v2\/pages\/33"}],"wp:attachment":[{"href":"https:\/\/konstruktivist.evaprinzip.de\/index.php?rest_route=%2Fwp%2Fv2%2Fmedia&parent=50"}],"curies":[{"name":"wp","href":"https:\/\/api.w.org\/{rel}","templated":true}]}}