{"id":33,"date":"2014-06-15T14:54:38","date_gmt":"2014-06-15T12:54:38","guid":{"rendered":"http:\/\/konstruktivist.evaprinzip.de\/?page_id=33"},"modified":"2014-06-21T07:56:31","modified_gmt":"2014-06-21T05:56:31","slug":"der-mensch","status":"publish","type":"page","link":"https:\/\/konstruktivist.evaprinzip.de\/?page_id=33","title":{"rendered":"Der Mensch"},"content":{"rendered":"<p>Der deutsche Anthroposoph Arnold Gehlen hat den Menschen ein M\u00e4ngelwesen genannt. Wir k\u00f6nnen nicht k\u00e4mpfen, denn uns fehlen Klauen oder scharfe Z\u00e4hne. Im Wasser sieht es nicht besser aus. Schwimmen k\u00f6nnen wir nur begrenzt lange und tauchen geht auch nur f\u00fcr kurze Zeit. Fliegen k\u00f6nnen wir erst recht nicht. Laufen ist immerhin etwas was wir k\u00f6nnen &#8211; nicht schnell genug um vor L\u00f6wen oder Geparden zu fl\u00fcchten. Aber mit etwas Training sind wir in der Lage relativ lange zu laufen. Einige afrikanische V\u00f6lker jagen so ihre Beute bis diese ersch\u00f6pft stehen bleibt. Und dann ist die eigentliche Behaarung f\u00fcr die meisten Klimazonen ungeeignet.<\/p>\n<p>Dennoch ist der Mensch ein Erfolgsmodell wenn man die derzeitige Stellung auf der Erde betrachtet. Wir haben kaum noch artfremde Feinde, die uns gef\u00e4hrlich werden k\u00f6nnen.\u00a0 Wir k\u00f6nnen uns nur noch selbst gef\u00e4hrlich werden und tun das ja auch ausgiebig. Mit Mord- und Totschlag und Krieg hat der Mensch sicher schon mehr seiner Art zerst\u00f6rt als es Naturkatastrophe und nat\u00fcrliche Feinde getan haben. Besonders die letzten hundert Jahre haben da sehr viel in der Bilanz den Ausschlag gegeben.<\/p>\n<h3>Wie lange gibt es den Menschen?<\/h3>\n<p>Die Wissenschaft kann heute nicht ganz genau datieren seit wann es uns gibt. Der eigentlich Menschentyp aus dessen Gene wir uns \u00fcberwiegend definieren hat wohl vor ca. 300.000 Jahren in Afrika gelebt und ist von dort aus losgezogen um den Rest des Planeten zu erkunden. Fr\u00fchere dem Menschen sehr \u00e4hnliche Varianten (beispielsweise der Neandertaler) ist sogar 1 Millionen Jahre alt und offensichtlich waren uns diese so nahe, dass es zu Vermischungen kam. Jedenfalls kann man Teile der Gen-Sequenz der Urmenschen bei einige V\u00f6lkern heute noch finden.<\/p>\n<p>Bei 300.000 Jahren blickt man auf ca. 12.000 &#8211; 15.000 Generatioen zur\u00fcck (wenn man unterstellt, dass mit 20 &#8211; 25 Jahren sich der Nachwuchs einstellt. Die nachweisbare Geschichte des Menschen beginnt mit H\u00f6hlenzeichnungen und ist gerade 40.000 Jahre (1.600 &#8211; 2.000 Generationen) alt. Richtige Sesshaftigkeit beginnt dann noch viel sp\u00e4ter. Und unser Geschichtsunterricht hat nur was Interessantes aus den letzten 10.000 Jahren (400 &#8211; 500 Generationen) zu berichten.<\/p>\n<p>Betrachtet man den Menschen im Lichte der Entwicklung dann sind 90% seines Daseins eher von einem m\u00fchsamen J\u00e4ger- und Sammlerdasein gepr\u00e4gt. Die eigentliche Umkehr der Gefahr von der Natur zur eigenen Art ist erst in den letzten Jahrtausenden passiert. Das ist erw\u00e4hnenswert wenn man betrachtet, dass Evolution ein sehr langsamer Prozess der Gew\u00f6hnung ist. Die Dinosaurier sind ein Beispiel, wie eine ganze Art in wenigen Generationen verschwindet, wenn sich die Lebensverh\u00e4ltnisse \u00e4ndert.<\/p>\n<p>Auch der Mensch leidet unter einem solchen Anpassungsprozess. Die \u00fcberwiegend Zeit seines Lebens war der Ablauf von (kurzfristigen) Stress (Jagd\/Beerensammeln) und Zeiten der Entspannung (im Schutz des Lagers) gepr\u00e4gt. In der heutigen Zeit gibt es kaum gro\u00dfe existentielle \u00c4ngste, stattdessen lauert die Gefahr \u00fcberall: der Chef, der mit der n\u00e4chsten R\u00fcge droht &#8211; der m\u00f6gliche Einbrecher\/Autoknacker\/Dieb &#8211; etc. Und dann in den Nachrichten die Bedrohung durch allerhand regionale Kriege oder einfach nur Spinner, die sich auf dem U-Bahnsteig mit Benzin \u00fcbergiessen und anz\u00fcnden.<\/p>\n<h3>Aber: Wie funktioniert der Mensch?<\/h3>\n<p>Jeder Mensch hat eigentlich ein sehr einfaches Konstruktionsprinzip. Durch die f\u00fcnf Sinnen werden Informationen aus der Umgebung aufgefangen und dann intern verarbeitet. Als Ergebnis kommt es zu einer daraus resultierender Handlung. Wenn uns also etwas \u00e4rgert oder besonders freut, dann ist dieser Prozess, der uns steuert. Deshalb lohnt es sich diesen Prozess genauer zu betrachten.<\/p>\n<p>Lesen Sie als n\u00e4chstes: <a title=\"Ich sehe was, was Du nicht siehst\" href=\"http:\/\/konstruktivist.evaprinzip.de\/?page_id=39\">Ich sehe was, was Du nicht siehst<\/a><\/p>\n","protected":false},"excerpt":{"rendered":"<p>Der deutsche Anthroposoph Arnold Gehlen hat den Menschen ein M\u00e4ngelwesen genannt. Wir k\u00f6nnen nicht k\u00e4mpfen, denn uns fehlen Klauen oder scharfe Z\u00e4hne. Im Wasser sieht es nicht besser aus. Schwimmen k\u00f6nnen wir nur begrenzt lange und tauchen geht auch nur f\u00fcr kurze Zeit. Fliegen k\u00f6nnen wir erst recht nicht. Laufen ist immerhin etwas was wir &hellip; <a href=\"https:\/\/konstruktivist.evaprinzip.de\/?page_id=33\" class=\"more-link\"><span class=\"screen-reader-text\">Der Mensch<\/span> weiterlesen <span class=\"meta-nav\">&rarr;<\/span><\/a><\/p>\n","protected":false},"author":1,"featured_media":0,"parent":24,"menu_order":1,"comment_status":"open","ping_status":"closed","template":"","meta":{"footnotes":""},"class_list":["post-33","page","type-page","status-publish","hentry"],"_links":{"self":[{"href":"https:\/\/konstruktivist.evaprinzip.de\/index.php?rest_route=\/wp\/v2\/pages\/33","targetHints":{"allow":["GET"]}}],"collection":[{"href":"https:\/\/konstruktivist.evaprinzip.de\/index.php?rest_route=\/wp\/v2\/pages"}],"about":[{"href":"https:\/\/konstruktivist.evaprinzip.de\/index.php?rest_route=\/wp\/v2\/types\/page"}],"author":[{"embeddable":true,"href":"https:\/\/konstruktivist.evaprinzip.de\/index.php?rest_route=\/wp\/v2\/users\/1"}],"replies":[{"embeddable":true,"href":"https:\/\/konstruktivist.evaprinzip.de\/index.php?rest_route=%2Fwp%2Fv2%2Fcomments&post=33"}],"version-history":[{"count":7,"href":"https:\/\/konstruktivist.evaprinzip.de\/index.php?rest_route=\/wp\/v2\/pages\/33\/revisions"}],"predecessor-version":[{"id":60,"href":"https:\/\/konstruktivist.evaprinzip.de\/index.php?rest_route=\/wp\/v2\/pages\/33\/revisions\/60"}],"up":[{"embeddable":true,"href":"https:\/\/konstruktivist.evaprinzip.de\/index.php?rest_route=\/wp\/v2\/pages\/24"}],"wp:attachment":[{"href":"https:\/\/konstruktivist.evaprinzip.de\/index.php?rest_route=%2Fwp%2Fv2%2Fmedia&parent=33"}],"curies":[{"name":"wp","href":"https:\/\/api.w.org\/{rel}","templated":true}]}}