{"id":29,"date":"2014-06-14T17:05:37","date_gmt":"2014-06-14T15:05:37","guid":{"rendered":"http:\/\/konstruktivist.evaprinzip.de\/?page_id=29"},"modified":"2014-06-15T16:42:16","modified_gmt":"2014-06-15T14:42:16","slug":"was-fuer-ein-leben","status":"publish","type":"page","link":"https:\/\/konstruktivist.evaprinzip.de\/?page_id=29","title":{"rendered":"Was f\u00fcr ein Leben &#8230;"},"content":{"rendered":"<p>Wenn in diesem Blog von Menschen gesprochen wird, dann bezieht sich das auf unser irdisches Leben &#8211; von der Geburt bis zum Tod.<\/p>\n<h3>Und weiter?<\/h3>\n<p>Seitdem es den Menschen gibt besch\u00e4ftigt er sich mit dem mystischen \u00dcbergang vom Leben zum Tode und danach. Allerdings mit wenig Erfolg. Religionen sind entstanden und viele auch schon wieder vergangen. Wer aus seiner religi\u00f6sen \u00dcberzeugung Auftr\u00e4ge im jetzigen Leben versp\u00fcrt, der m\u00f6ge diese gerne nach seinem Gusto erf\u00fcllen.<\/p>\n<p>F\u00fcr diesen Blog entscheidend ist das nicht. Vielmehr geht es darum das Leben hier auf Erden in den Griff zu bekommen. Und ist der \u00dcbergang zum Tod schon mystisch. so ist der Einstieg ins Leben um so komplizierter. Zu definieren, ab wann das richtige Leben beginnt ist schon Auffassungssache.<\/p>\n<h3>Pubert\u00e4t in die Nachdenklichkeit<\/h3>\n<p>&#8222;Solange Du Deine F\u00fc\u00dfe noch unter meinen Tisch hast &#8230;&#8220; Die Jugend kennt diesen Satz und wartet sehns\u00fcchtig dem Einstieg in das Erwachsenendasein entgegen. Tats\u00e4chlich ist dieser \u00dcbergang ja gepr\u00e4gt von viel Diskussion zwischen den Generationen. Die Hirnforschung hat auch hierf\u00fcr Erkl\u00e4rungen parat. Hat man in den Hirnscans zun\u00e4chst eher nach Krankheiten geforscht so wird doch zunehmend der Alltag der Menschen erforscht.<\/p>\n<p>In der Pubert\u00e4t ver\u00e4ndert sich das Gehirn dramatisch, was die interne Verdrahtung angeht. Statt kindlicher Naivit\u00e4t werden nun mehr jede Menge eigene Ideen und Erfahrung in das eigene Handeln eingebracht.\u00a0 Es ist ist wohl so, dass mit der Pubert\u00e4t das Gehirn auf eine eigene Gedankenwelt abzielt. Eigene Werte entstanden aus dem Beobachteten, Gelernten und den eigenen Schlu\u00dffolgerungen werden zum Wertma\u00dfstab des eigenen Handelns. Das ist nicht immer konform mit dem was die \u00e4ltere Generation denkt. Das ist oft auch mit einer gro\u00dfen Portion Wagnisbereitschaft versehen. Es ist eben der Einstieg in ein eigenst\u00e4ndigeres Leben in dem man auch seine eigenen Fehler machen will.<\/p>\n<h3>Unbeschwerte Kindheit<\/h3>\n<p>Vor der Pubert\u00e4t sind die Kinder eher sehr einfach belohnungsorientiert. Das hei\u00dft nicht, dass sie dumm sind. Wenn Kinder merken, dass sie bei lautem Geschrei vor der Kasse ein paar S\u00fc\u00dfigkeiten bekommen, dann werden sie das Verhalten annehmen und gerne wiederholen.<\/p>\n<p>Viele Eltern versuchen in dieser Phase mit den Kindern wie mit einem Erwachsenen um Verst\u00e4ndnis zu ringen. Das ist aber vom Konzept wohl eher eine \u00dcberforderung. Wenn man eine gute Beziehung zum Kind hat, dann kann man sicher einwerfen, dass &#8222;Mami\/Papi leidet, wenn das Kind sich so betr\u00e4gt.&#8220; Aber dann mu\u00df das Kind auch einen Sekund\u00e4rgewinn aus seinem Wohlverhalten ziehen.<\/p>\n<p>Nat\u00fcrlich ist damit das Kinddasein etwas grobschl\u00e4chtig skizziert. Ich m\u00f6chte damit auch nur klar machen, dass Kinder noch keine Erwachsenen sind. In fr\u00fchester Kindheit harpert es sogar mit dem Erinnern an Begebenheiten. Einige Erwachsene &#8222;erinnerern&#8220; sich ja oft an Erlebnisse aus fr\u00fchester Kindheit mit hoher Detailtiefe. Die Wissenschaft lehrt uns was Anderes:<\/p>\n<p>Ab etwa dem 4 Lebenjahr werden die Nervenbahnen im Gehirn mit einer Schicht \u00fcberzogen, die sie schneller macht. Und erst ab diesen Zeitpunkt kann man sich konkret an etwas erinnern. Wer Ereignisse vor dieser Zeit im Kopf hat, der hat sie erz\u00e4hlt bekommen oder Fotos gesehen oder sich die Details einfach nur eingebildet.<\/p>\n<p>Das bedeutet nicht, dass Kinder vorher nicht lernen k\u00f6nnen. Ganz im Gegenteil: wie h\u00e4tten wir denn sonst das Gehen gelernt? Es ist ein best\u00e4ndiger Prozess aus Versuch und Irrtum, der uns irgendwann stehen und gehen l\u00e4\u00dft wie die Erwachsenen. Vielleicht ist das gerade der Grund, warum wir uns an das Hinfallen nicht so pr\u00e4zise erinnern k\u00f6nnen.<\/p>\n<h3>Vor der Geburt<\/h3>\n<p>Irgendwann betritt der Mensch die Welt. Aber schon vorher reagieren wir auf Reize von aussen. Wenn man dann aus dem molligen Halbdunkel mit den ged\u00e4mpften L\u00e4rm auf die Welt kommt, dann mag das ein Schockerlebnis sein. Auch hier mag es von Natur so gewollt sein, dass wir uns daran nicht pr\u00e4zise Erinnern k\u00f6nnen.<\/p>\n<p>Und selbst wann das Leben beginnt ist strittig. Die Einen sehen die Zeugung als Beginn des Lebens an. Andere ab einen Zeitraum nach ca. 3 Monaten, weil vorher durch die Zellteilung noch nicht viel Menschsein erkennbar ist.<\/p>\n<p>Selbst die Juristen kennen zwei Startpunkte. Der eine ist klar mit der Geburt definiert. Wer aber eine hochschwangere Frau umbringt, mu\u00df mit einer Anklage wegen Doppelmordes rechnen.<\/p>\n<p>Schon aus dieser kleinen Abhandlung ist erkennbar, dass die Definition von Leben sehr schwer ist. Mir war es nur wichtig, dass ich mich im Weiteren auf das Leben von Jetzt bis zum Tode beziehe, denn das kann man beeinflussen und auf die Vorerfahrungen, die man hier auf Erden gemacht um heute so zu handeln, wie wir handeln.<\/p>\n<p>Lesen Sie als n\u00e4chstes: <a href=\"https:\/\/konstruktivist.evaprinzip.de\/?page_id=33\" title=\"Der Mensch\">Der Mensch<\/a><\/p>\n","protected":false},"excerpt":{"rendered":"<p>Wenn in diesem Blog von Menschen gesprochen wird, dann bezieht sich das auf unser irdisches Leben &#8211; von der Geburt bis zum Tod. Und weiter? Seitdem es den Menschen gibt besch\u00e4ftigt er sich mit dem mystischen \u00dcbergang vom Leben zum Tode und danach. Allerdings mit wenig Erfolg. Religionen sind entstanden und viele auch schon wieder &hellip; <a href=\"https:\/\/konstruktivist.evaprinzip.de\/?page_id=29\" class=\"more-link\"><span class=\"screen-reader-text\">Was f\u00fcr ein Leben &#8230;<\/span> weiterlesen <span class=\"meta-nav\">&rarr;<\/span><\/a><\/p>\n","protected":false},"author":1,"featured_media":0,"parent":24,"menu_order":0,"comment_status":"open","ping_status":"open","template":"","meta":{"footnotes":""},"class_list":["post-29","page","type-page","status-publish","hentry"],"_links":{"self":[{"href":"https:\/\/konstruktivist.evaprinzip.de\/index.php?rest_route=\/wp\/v2\/pages\/29","targetHints":{"allow":["GET"]}}],"collection":[{"href":"https:\/\/konstruktivist.evaprinzip.de\/index.php?rest_route=\/wp\/v2\/pages"}],"about":[{"href":"https:\/\/konstruktivist.evaprinzip.de\/index.php?rest_route=\/wp\/v2\/types\/page"}],"author":[{"embeddable":true,"href":"https:\/\/konstruktivist.evaprinzip.de\/index.php?rest_route=\/wp\/v2\/users\/1"}],"replies":[{"embeddable":true,"href":"https:\/\/konstruktivist.evaprinzip.de\/index.php?rest_route=%2Fwp%2Fv2%2Fcomments&post=29"}],"version-history":[{"count":5,"href":"https:\/\/konstruktivist.evaprinzip.de\/index.php?rest_route=\/wp\/v2\/pages\/29\/revisions"}],"predecessor-version":[{"id":45,"href":"https:\/\/konstruktivist.evaprinzip.de\/index.php?rest_route=\/wp\/v2\/pages\/29\/revisions\/45"}],"up":[{"embeddable":true,"href":"https:\/\/konstruktivist.evaprinzip.de\/index.php?rest_route=\/wp\/v2\/pages\/24"}],"wp:attachment":[{"href":"https:\/\/konstruktivist.evaprinzip.de\/index.php?rest_route=%2Fwp%2Fv2%2Fmedia&parent=29"}],"curies":[{"name":"wp","href":"https:\/\/api.w.org\/{rel}","templated":true}]}}