{"id":24,"date":"2014-06-13T17:12:13","date_gmt":"2014-06-13T15:12:13","guid":{"rendered":"http:\/\/konstruktivist.evaprinzip.de\/?page_id=24"},"modified":"2014-06-15T16:21:36","modified_gmt":"2014-06-15T14:21:36","slug":"der-einstieg-konstruktionskuenstler","status":"publish","type":"page","link":"https:\/\/konstruktivist.evaprinzip.de\/","title":{"rendered":"Der Einstieg: Konstruktionsk\u00fcnstler"},"content":{"rendered":"<p>Wenn Sie diesen Artikel lesen, dann sind Sie sich sicher, dass jemand (einer oder mehrere Personen) ihn vorher verfa\u00dft haben. Das sind Fakten, die man schwerlich wegdiskutieren kann. Aber wie Sie diesen Artikel lesen und wie Sie in hinterher verstehen werden h\u00e4ngt von vielen Faktoren ab (u.a. davon, wie Sie sich gerade f\u00fchlen, in welcher Umgebung Sie das lesen und ob die ersten S\u00e4tze Ihnen gefallen oder schon zu Widerspruch anregen).<\/p>\n<p>In diesem Blog geht es um eine grundlegende Philosophie, wie wir als Mensch unser Handeln und das der Anderen verstehen k\u00f6nnen. Dazu braucht es ein paar Grundlagen. Die Wissenschaft ist in den letzten Jahren dem menschlichem Handeln ganz sch\u00f6n auf die Pelle ger\u00fcckt.<br \/>\nMit speziellen Ger\u00e4ten kann man den Menschen beim Denken zu beobachten. Dazu steckt man die Person in eine R\u00f6hre, um die hochempfindliche Sensoren Kreisen und letztendlich die Konzentration bestimmter Stoffe anzeigen. Beim Gehirn ist es der Sauerstoff (mehr Sauerstoff an einer bestimmten Stelle = mehr Aktivit\u00e4t im Gehirn). Und durch das Umrunden kann man diese Aktivit\u00e4t dreidimensional erfassen.<\/p>\n<p>In anderen Disziplinen versucht man mit genormten Abl\u00e4ufen bei einer statistisch gro\u00dfen Anzahl von Teilnehmern Verhaltensweise zu analysieren. Ein einfaches Beispiel geht wie folgt: in den USA hatte man Frauen mit asiatischen Wurzeln zu einem Mathematik-Test eingeladen. Ein Klischee f\u00e4llt einem dabei sofort ein: Frauen stehen mit Mathematik auf Kriegsfu\u00df. Aber Asiaten gelten als Mathe-Cracks. Und so hat man die Gruppe geteilt. Eine H\u00e4lfte beantwortete vor dem Test einen Fragebogen mit Fragen zu ihrem Alltag als Frau. Die andere Gruppe beantwortete Fragen zu ihrem Alltag als asiatisch-st\u00e4mmig. Hinterher schrieben beide Gruppen den identischen Mathe-Test. Das Ergebnis: die Gruppe mit dem Asiaten-Fragebogen war im Mathe-Test deutlich besser als die mit den Frauen-Fragebogen.<\/p>\n<p>Ich hoffe mit diesem Einstieg gen\u00fcgend Interesse geweckt zu haben, sodass die folgenden Erl\u00e4uterungen viel Neues bringt.<\/p>\n<p>Lesen Sie als n\u00e4chstes: <a title=\"Was f\u00fcr ein Leben \u2026\" href=\"http:\/\/konstruktivist.evaprinzip.de\/?page_id=29\">Was f\u00fcr ein Leben<\/a><\/p>\n","protected":false},"excerpt":{"rendered":"<p>Wenn Sie diesen Artikel lesen, dann sind Sie sich sicher, dass jemand (einer oder mehrere Personen) ihn vorher verfa\u00dft haben. Das sind Fakten, die man schwerlich wegdiskutieren kann. Aber wie Sie diesen Artikel lesen und wie Sie in hinterher verstehen werden h\u00e4ngt von vielen Faktoren ab (u.a. davon, wie Sie sich gerade f\u00fchlen, in welcher &hellip; <a href=\"https:\/\/konstruktivist.evaprinzip.de\/\" class=\"more-link\"><span class=\"screen-reader-text\">Der Einstieg: Konstruktionsk\u00fcnstler<\/span> weiterlesen <span class=\"meta-nav\">&rarr;<\/span><\/a><\/p>\n","protected":false},"author":1,"featured_media":0,"parent":0,"menu_order":0,"comment_status":"open","ping_status":"open","template":"","meta":{"footnotes":""},"class_list":["post-24","page","type-page","status-publish","hentry"],"_links":{"self":[{"href":"https:\/\/konstruktivist.evaprinzip.de\/index.php?rest_route=\/wp\/v2\/pages\/24","targetHints":{"allow":["GET"]}}],"collection":[{"href":"https:\/\/konstruktivist.evaprinzip.de\/index.php?rest_route=\/wp\/v2\/pages"}],"about":[{"href":"https:\/\/konstruktivist.evaprinzip.de\/index.php?rest_route=\/wp\/v2\/types\/page"}],"author":[{"embeddable":true,"href":"https:\/\/konstruktivist.evaprinzip.de\/index.php?rest_route=\/wp\/v2\/users\/1"}],"replies":[{"embeddable":true,"href":"https:\/\/konstruktivist.evaprinzip.de\/index.php?rest_route=%2Fwp%2Fv2%2Fcomments&post=24"}],"version-history":[{"count":6,"href":"https:\/\/konstruktivist.evaprinzip.de\/index.php?rest_route=\/wp\/v2\/pages\/24\/revisions"}],"predecessor-version":[{"id":44,"href":"https:\/\/konstruktivist.evaprinzip.de\/index.php?rest_route=\/wp\/v2\/pages\/24\/revisions\/44"}],"wp:attachment":[{"href":"https:\/\/konstruktivist.evaprinzip.de\/index.php?rest_route=%2Fwp%2Fv2%2Fmedia&parent=24"}],"curies":[{"name":"wp","href":"https:\/\/api.w.org\/{rel}","templated":true}]}}